{"id":447,"date":"2015-11-19T12:35:52","date_gmt":"2015-11-19T11:35:52","guid":{"rendered":"http:\/\/www.royal1.it\/royal2015\/fr\/chi-siamo\/"},"modified":"2015-12-18T09:11:47","modified_gmt":"2015-12-18T08:11:47","slug":"societe","status":"publish","type":"page","link":"https:\/\/www.royal1.it\/fr\/societe\/","title":{"rendered":"\u00c0 propos de CBC Royal First"},"content":{"rendered":"<div class=\"entry-content\">\n<div class=\"entry-content\">\n<p>Le secteur des machines \u00e0 caf\u00e9 expresso n\u2019est certes pas nouveau pour\u00a0<b>CBC ROYAL FIRST<\/b>\u00a0de Conegliano.<\/p>\n<p>Actuellement, pouvant compter sur un ample r\u00e9seau de concessionnaires et installateurs, tous hautement sp\u00e9cialis\u00e9s et experts dans ce secteur, elle satisfait toutes les exigences sp\u00e9cifiques du march\u00e9. Nous fournissons \u00e0 nos clients non seulement les machines \u00e0 caf\u00e9 expresso, mais aussi une vaste gamme de produits compl\u00e9mentaires tels que moulins-doseurs, producteurs de glace et lave-tasses.<\/p>\n<p>CBC ROYAL FIRST srl\u00a0peut se vanter d\u2019avoir des centaines de clients et un r\u00e9seau consolid\u00e9 de partenaires; les petites et moyennes entreprises peuvent compter sur notre structure pour obtenir le support n\u00e9cessaire et saisir de nouvelles occasions de business dans tous les march\u00e9s mondiaux. Qualit\u00e9, service, courtoisie, disponibilit\u00e9 et co\u00fbts r\u00e9duits sont les principes fondamentaux et fonctionnels de notre travail.<\/p>\n<p><b>Essayez et \u00e9valuez nos possibilit\u00e9s.<\/b><\/p>\n<\/div>\n<\/div>\n<p><a href=\"https:\/\/www.royal1.it\/royal2015\/wp-content\/uploads\/2015\/11\/photo1.jpg\"><img decoding=\"async\" loading=\"lazy\" class=\"alignnone size-medium wp-image-512\" src=\"https:\/\/www.royal1.it\/royal2015\/wp-content\/uploads\/2015\/11\/photo1-291x195.jpg\" alt=\"photo1\" width=\"291\" height=\"195\" srcset=\"https:\/\/www.royal1.it\/royal2015\/wp-content\/uploads\/2015\/11\/photo1-291x195.jpg 291w, https:\/\/www.royal1.it\/royal2015\/wp-content\/uploads\/2015\/11\/photo1-994x665.jpg 994w, https:\/\/www.royal1.it\/royal2015\/wp-content\/uploads\/2015\/11\/photo1-768x514.jpg 768w, https:\/\/www.royal1.it\/royal2015\/wp-content\/uploads\/2015\/11\/photo1.jpg 1200w\" sizes=\"(max-width: 291px) 100vw, 291px\" \/><\/a> <a href=\"https:\/\/www.royal1.it\/royal2015\/wp-content\/uploads\/2015\/11\/photo2.jpg\"><img decoding=\"async\" loading=\"lazy\" class=\"alignnone size-medium wp-image-510\" src=\"https:\/\/www.royal1.it\/royal2015\/wp-content\/uploads\/2015\/11\/photo2-260x195.jpg\" alt=\"photo2\" width=\"260\" height=\"195\" srcset=\"https:\/\/www.royal1.it\/royal2015\/wp-content\/uploads\/2015\/11\/photo2-260x195.jpg 260w, https:\/\/www.royal1.it\/royal2015\/wp-content\/uploads\/2015\/11\/photo2-887x665.jpg 887w, https:\/\/www.royal1.it\/royal2015\/wp-content\/uploads\/2015\/11\/photo2-768x576.jpg 768w, https:\/\/www.royal1.it\/royal2015\/wp-content\/uploads\/2015\/11\/photo2.jpg 1200w\" sizes=\"(max-width: 260px) 100vw, 260px\" \/><\/a> <a href=\"https:\/\/www.royal1.it\/royal2015\/wp-content\/uploads\/2015\/11\/photo3.jpg\"><img decoding=\"async\" loading=\"lazy\" class=\"alignnone size-medium wp-image-513\" src=\"https:\/\/www.royal1.it\/royal2015\/wp-content\/uploads\/2015\/11\/photo3-142x195.jpg\" alt=\"photo3\" width=\"142\" height=\"195\" srcset=\"https:\/\/www.royal1.it\/royal2015\/wp-content\/uploads\/2015\/11\/photo3-142x195.jpg 142w, https:\/\/www.royal1.it\/royal2015\/wp-content\/uploads\/2015\/11\/photo3-486x665.jpg 486w, https:\/\/www.royal1.it\/royal2015\/wp-content\/uploads\/2015\/11\/photo3.jpg 664w\" sizes=\"(max-width: 142px) 100vw, 142px\" \/><\/a> <a href=\"https:\/\/www.royal1.it\/royal2015\/wp-content\/uploads\/2015\/11\/photo4.jpg\"><img decoding=\"async\" loading=\"lazy\" class=\"alignnone size-medium wp-image-514\" src=\"https:\/\/www.royal1.it\/royal2015\/wp-content\/uploads\/2015\/11\/photo4-260x195.jpg\" alt=\"photo4\" width=\"260\" height=\"195\" srcset=\"https:\/\/www.royal1.it\/royal2015\/wp-content\/uploads\/2015\/11\/photo4-260x195.jpg 260w, https:\/\/www.royal1.it\/royal2015\/wp-content\/uploads\/2015\/11\/photo4-887x665.jpg 887w, https:\/\/www.royal1.it\/royal2015\/wp-content\/uploads\/2015\/11\/photo4-768x576.jpg 768w, https:\/\/www.royal1.it\/royal2015\/wp-content\/uploads\/2015\/11\/photo4.jpg 1200w\" sizes=\"(max-width: 260px) 100vw, 260px\" \/><\/a><\/p>\n","protected":false},"excerpt":{"rendered":"<p>Le secteur des machines \u00e0 caf\u00e9 expresso n\u2019est certes pas nouveau pour\u00a0CBC ROYAL FIRST\u00a0de Conegliano. Actuellement, pouvant compter sur un [&hellip;]<\/p>\n","protected":false},"author":1,"featured_media":0,"parent":0,"menu_order":26,"comment_status":"closed","ping_status":"closed","template":"","meta":[],"acf":[],"yoast_head":"<!-- This site is optimized with the Yoast SEO plugin v20.1 - https:\/\/yoast.com\/wordpress\/plugins\/seo\/ -->\n<title>\u00c0 propos de CBC Royal First | CBC Royal First<\/title>\n<meta name=\"robots\" content=\"index, follow, max-snippet:-1, max-image-preview:large, max-video-preview:-1\" \/>\n<link rel=\"canonical\" href=\"https:\/\/www.royal1.it\/fr\/societe\/\" \/>\n<meta property=\"og:locale\" content=\"fr_FR\" \/>\n<meta property=\"og:type\" content=\"article\" \/>\n<meta property=\"og:title\" content=\"\u00c0 propos de CBC Royal First | CBC Royal First\" \/>\n<meta property=\"og:description\" content=\"Le secteur des machines \u00e0 caf\u00e9 expresso n\u2019est certes pas nouveau pour\u00a0CBC ROYAL FIRST\u00a0de Conegliano. Actuellement, pouvant compter sur un [&hellip;]\" \/>\n<meta property=\"og:url\" content=\"https:\/\/www.royal1.it\/fr\/societe\/\" \/>\n<meta property=\"og:site_name\" content=\"CBC Royal First\" \/>\n<meta property=\"article:modified_time\" content=\"2015-12-18T08:11:47+00:00\" \/>\n<meta property=\"og:image\" content=\"https:\/\/www.royal1.it\/royal2015\/wp-content\/uploads\/2015\/11\/photo1-291x195.jpg\" \/>\n<meta name=\"twitter:card\" content=\"summary_large_image\" \/>\n<meta name=\"twitter:label1\" content=\"Dur\u00e9e de lecture estim\u00e9e\" \/>\n\t<meta name=\"twitter:data1\" content=\"1 minute\" \/>\n<script type=\"application\/ld+json\" class=\"yoast-schema-graph\">{\"@context\":\"https:\/\/schema.org\",\"@graph\":[{\"@type\":\"WebPage\",\"@id\":\"https:\/\/www.royal1.it\/fr\/societe\/\",\"url\":\"https:\/\/www.royal1.it\/fr\/societe\/\",\"name\":\"\u00c0 propos de CBC Royal First | CBC Royal First\",\"isPartOf\":{\"@id\":\"https:\/\/www.royal1.it\/#website\"},\"datePublished\":\"2015-11-19T11:35:52+00:00\",\"dateModified\":\"2015-12-18T08:11:47+00:00\",\"breadcrumb\":{\"@id\":\"https:\/\/www.royal1.it\/fr\/societe\/#breadcrumb\"},\"inLanguage\":\"fr-FR\",\"potentialAction\":[{\"@type\":\"ReadAction\",\"target\":[\"https:\/\/www.royal1.it\/fr\/societe\/\"]}]},{\"@type\":\"BreadcrumbList\",\"@id\":\"https:\/\/www.royal1.it\/fr\/societe\/#breadcrumb\",\"itemListElement\":[{\"@type\":\"ListItem\",\"position\":1,\"name\":\"Home\",\"item\":\"https:\/\/www.royal1.it\/fr\/\"},{\"@type\":\"ListItem\",\"position\":2,\"name\":\"\u00c0 propos de CBC Royal First\"}]},{\"@type\":\"WebSite\",\"@id\":\"https:\/\/www.royal1.it\/#website\",\"url\":\"https:\/\/www.royal1.it\/\",\"name\":\"CBC Royal First\",\"description\":\"Macchine per caff\u00e8 espresso\",\"potentialAction\":[{\"@type\":\"SearchAction\",\"target\":{\"@type\":\"EntryPoint\",\"urlTemplate\":\"https:\/\/www.royal1.it\/?s={search_term_string}\"},\"query-input\":\"required name=search_term_string\"}],\"inLanguage\":\"fr-FR\"}]}<\/script>\n<!-- \/ Yoast SEO plugin. -->","yoast_head_json":{"title":"\u00c0 propos de CBC Royal First | CBC Royal First","robots":{"index":"index","follow":"follow","max-snippet":"max-snippet:-1","max-image-preview":"max-image-preview:large","max-video-preview":"max-video-preview:-1"},"canonical":"https:\/\/www.royal1.it\/fr\/societe\/","og_locale":"fr_FR","og_type":"article","og_title":"\u00c0 propos de CBC Royal First | CBC Royal First","og_description":"Le secteur des machines \u00e0 caf\u00e9 expresso n\u2019est certes pas nouveau pour\u00a0CBC ROYAL FIRST\u00a0de Conegliano. Actuellement, pouvant compter sur un [&hellip;]","og_url":"https:\/\/www.royal1.it\/fr\/societe\/","og_site_name":"CBC Royal First","article_modified_time":"2015-12-18T08:11:47+00:00","og_image":[{"url":"https:\/\/www.royal1.it\/royal2015\/wp-content\/uploads\/2015\/11\/photo1-291x195.jpg"}],"twitter_card":"summary_large_image","twitter_misc":{"Dur\u00e9e de lecture estim\u00e9e":"1 minute"},"schema":{"@context":"https:\/\/schema.org","@graph":[{"@type":"WebPage","@id":"https:\/\/www.royal1.it\/fr\/societe\/","url":"https:\/\/www.royal1.it\/fr\/societe\/","name":"\u00c0 propos de CBC Royal First | CBC Royal First","isPartOf":{"@id":"https:\/\/www.royal1.it\/#website"},"datePublished":"2015-11-19T11:35:52+00:00","dateModified":"2015-12-18T08:11:47+00:00","breadcrumb":{"@id":"https:\/\/www.royal1.it\/fr\/societe\/#breadcrumb"},"inLanguage":"fr-FR","potentialAction":[{"@type":"ReadAction","target":["https:\/\/www.royal1.it\/fr\/societe\/"]}]},{"@type":"BreadcrumbList","@id":"https:\/\/www.royal1.it\/fr\/societe\/#breadcrumb","itemListElement":[{"@type":"ListItem","position":1,"name":"Home","item":"https:\/\/www.royal1.it\/fr\/"},{"@type":"ListItem","position":2,"name":"\u00c0 propos de CBC Royal First"}]},{"@type":"WebSite","@id":"https:\/\/www.royal1.it\/#website","url":"https:\/\/www.royal1.it\/","name":"CBC Royal First","description":"Macchine per caff\u00e8 espresso","potentialAction":[{"@type":"SearchAction","target":{"@type":"EntryPoint","urlTemplate":"https:\/\/www.royal1.it\/?s={search_term_string}"},"query-input":"required name=search_term_string"}],"inLanguage":"fr-FR"}]}},"_links":{"self":[{"href":"https:\/\/www.royal1.it\/fr\/wp-json\/wp\/v2\/pages\/447"}],"collection":[{"href":"https:\/\/www.royal1.it\/fr\/wp-json\/wp\/v2\/pages"}],"about":[{"href":"https:\/\/www.royal1.it\/fr\/wp-json\/wp\/v2\/types\/page"}],"author":[{"embeddable":true,"href":"https:\/\/www.royal1.it\/fr\/wp-json\/wp\/v2\/users\/1"}],"replies":[{"embeddable":true,"href":"https:\/\/www.royal1.it\/fr\/wp-json\/wp\/v2\/comments?post=447"}],"version-history":[{"count":0,"href":"https:\/\/www.royal1.it\/fr\/wp-json\/wp\/v2\/pages\/447\/revisions"}],"wp:attachment":[{"href":"https:\/\/www.royal1.it\/fr\/wp-json\/wp\/v2\/media?parent=447"}],"curies":[{"name":"wp","href":"https:\/\/api.w.org\/{rel}","templated":true}]}}