{"id":449,"date":"2015-11-19T12:35:52","date_gmt":"2015-11-19T11:35:52","guid":{"rendered":"http:\/\/www.royal1.it\/royal2015\/es\/chi-siamo\/"},"modified":"2015-12-18T09:12:53","modified_gmt":"2015-12-18T08:12:53","slug":"empresa","status":"publish","type":"page","link":"https:\/\/www.royal1.it\/es\/empresa\/","title":{"rendered":"A prop\u00f3sito de CBC Royal First"},"content":{"rendered":"<div class=\"entry-content\">\n<div class=\"entry-content\">\n<div class=\"entry-content\">\n<div class=\"entry-content\">\n<p>El sector de las m\u00e1quinas de caf\u00e9 expr\u00e9s ciertamente no es nuevo para la empresa\u00a0<b>CBC ROYAL FIRST<\/b>\u00a0de Conegliano .<\/p>\n<p>Actualmente, vali\u00e9ndose de una amplia red de concesionarios e instaladores, todos altamente especializados y expertos en el sector, satisface las exigencias espec\u00edficas del mercado.<br \/>\nA sus clientes, adem\u00e1s de las m\u00e1quinas de caf\u00e9 expr\u00e9s, les facilita una extensa gama de productos complementarios, tales como moledores-dosificadores de caf\u00e9, fabricadores de hielo y lavatazas.<\/p>\n<p>CBC ROYAL FIRST\u00a0goza de centenares de clientes y una red consolidada de partners. Las peque\u00f1as y medianas empresas pueden aprovechar de esta estructura para obtener respaldo y explotar nuevas oportunidades de negocios en todos los mercados del mundo.<br \/>\nCalidad, servicio, amabilidad, disponibilidad y costes reducidos son los principios b\u00e1sicos y f uncionales de la labor de cbc royal first.<\/p>\n<p><b>Prueben y eval\u00faen las propuestas de cbc royal first.<\/b><\/p>\n<\/div>\n<p><a href=\"https:\/\/www.royal1.it\/royal2015\/wp-content\/uploads\/2015\/11\/photo1.jpg\"><img decoding=\"async\" loading=\"lazy\" class=\"alignnone size-medium wp-image-512\" src=\"https:\/\/www.royal1.it\/royal2015\/wp-content\/uploads\/2015\/11\/photo1-291x195.jpg\" alt=\"photo1\" width=\"291\" height=\"195\" srcset=\"https:\/\/www.royal1.it\/royal2015\/wp-content\/uploads\/2015\/11\/photo1-291x195.jpg 291w, https:\/\/www.royal1.it\/royal2015\/wp-content\/uploads\/2015\/11\/photo1-994x665.jpg 994w, https:\/\/www.royal1.it\/royal2015\/wp-content\/uploads\/2015\/11\/photo1-768x514.jpg 768w, https:\/\/www.royal1.it\/royal2015\/wp-content\/uploads\/2015\/11\/photo1.jpg 1200w\" sizes=\"(max-width: 291px) 100vw, 291px\" \/><\/a> <a href=\"https:\/\/www.royal1.it\/royal2015\/wp-content\/uploads\/2015\/11\/photo2.jpg\"><img decoding=\"async\" loading=\"lazy\" class=\"alignnone size-medium wp-image-510\" src=\"https:\/\/www.royal1.it\/royal2015\/wp-content\/uploads\/2015\/11\/photo2-260x195.jpg\" alt=\"photo2\" width=\"260\" height=\"195\" srcset=\"https:\/\/www.royal1.it\/royal2015\/wp-content\/uploads\/2015\/11\/photo2-260x195.jpg 260w, https:\/\/www.royal1.it\/royal2015\/wp-content\/uploads\/2015\/11\/photo2-887x665.jpg 887w, https:\/\/www.royal1.it\/royal2015\/wp-content\/uploads\/2015\/11\/photo2-768x576.jpg 768w, https:\/\/www.royal1.it\/royal2015\/wp-content\/uploads\/2015\/11\/photo2.jpg 1200w\" sizes=\"(max-width: 260px) 100vw, 260px\" \/><\/a> <a href=\"https:\/\/www.royal1.it\/royal2015\/wp-content\/uploads\/2015\/11\/photo3.jpg\"><img decoding=\"async\" loading=\"lazy\" class=\"alignnone size-medium wp-image-513\" src=\"https:\/\/www.royal1.it\/royal2015\/wp-content\/uploads\/2015\/11\/photo3-142x195.jpg\" alt=\"photo3\" width=\"142\" height=\"195\" srcset=\"https:\/\/www.royal1.it\/royal2015\/wp-content\/uploads\/2015\/11\/photo3-142x195.jpg 142w, https:\/\/www.royal1.it\/royal2015\/wp-content\/uploads\/2015\/11\/photo3-486x665.jpg 486w, https:\/\/www.royal1.it\/royal2015\/wp-content\/uploads\/2015\/11\/photo3.jpg 664w\" sizes=\"(max-width: 142px) 100vw, 142px\" \/><\/a> <a href=\"https:\/\/www.royal1.it\/royal2015\/wp-content\/uploads\/2015\/11\/photo4.jpg\"><img decoding=\"async\" loading=\"lazy\" class=\"alignnone size-medium wp-image-514\" src=\"https:\/\/www.royal1.it\/royal2015\/wp-content\/uploads\/2015\/11\/photo4-260x195.jpg\" alt=\"photo4\" width=\"260\" height=\"195\" srcset=\"https:\/\/www.royal1.it\/royal2015\/wp-content\/uploads\/2015\/11\/photo4-260x195.jpg 260w, https:\/\/www.royal1.it\/royal2015\/wp-content\/uploads\/2015\/11\/photo4-887x665.jpg 887w, https:\/\/www.royal1.it\/royal2015\/wp-content\/uploads\/2015\/11\/photo4-768x576.jpg 768w, https:\/\/www.royal1.it\/royal2015\/wp-content\/uploads\/2015\/11\/photo4.jpg 1200w\" sizes=\"(max-width: 260px) 100vw, 260px\" \/><\/a><\/p>\n<\/div>\n<\/div>\n<\/div>\n","protected":false},"excerpt":{"rendered":"<p>El sector de las m\u00e1quinas de caf\u00e9 expr\u00e9s ciertamente no es nuevo para la empresa\u00a0CBC ROYAL FIRST\u00a0de Conegliano . Actualmente, [&hellip;]<\/p>\n","protected":false},"author":1,"featured_media":0,"parent":0,"menu_order":27,"comment_status":"closed","ping_status":"closed","template":"","meta":[],"acf":[],"yoast_head":"<!-- This site is optimized with the Yoast SEO plugin v20.1 - https:\/\/yoast.com\/wordpress\/plugins\/seo\/ -->\n<title>A prop\u00f3sito de CBC Royal First | CBC Royal First<\/title>\n<meta name=\"robots\" content=\"index, follow, max-snippet:-1, max-image-preview:large, max-video-preview:-1\" \/>\n<link rel=\"canonical\" href=\"https:\/\/www.royal1.it\/es\/empresa\/\" \/>\n<meta property=\"og:locale\" content=\"es_ES\" \/>\n<meta property=\"og:type\" content=\"article\" \/>\n<meta property=\"og:title\" content=\"A prop\u00f3sito de CBC Royal First | CBC Royal First\" \/>\n<meta property=\"og:description\" content=\"El sector de las m\u00e1quinas de caf\u00e9 expr\u00e9s ciertamente no es nuevo para la empresa\u00a0CBC ROYAL FIRST\u00a0de Conegliano . Actualmente, [&hellip;]\" \/>\n<meta property=\"og:url\" content=\"https:\/\/www.royal1.it\/es\/empresa\/\" \/>\n<meta property=\"og:site_name\" content=\"CBC Royal First\" \/>\n<meta property=\"article:modified_time\" content=\"2015-12-18T08:12:53+00:00\" \/>\n<meta property=\"og:image\" content=\"https:\/\/www.royal1.it\/royal2015\/wp-content\/uploads\/2015\/11\/photo1-291x195.jpg\" \/>\n<meta name=\"twitter:card\" content=\"summary_large_image\" \/>\n<meta name=\"twitter:label1\" content=\"Tiempo de lectura\" \/>\n\t<meta name=\"twitter:data1\" content=\"1 minuto\" \/>\n<script type=\"application\/ld+json\" class=\"yoast-schema-graph\">{\"@context\":\"https:\/\/schema.org\",\"@graph\":[{\"@type\":\"WebPage\",\"@id\":\"https:\/\/www.royal1.it\/es\/empresa\/\",\"url\":\"https:\/\/www.royal1.it\/es\/empresa\/\",\"name\":\"A prop\u00f3sito de CBC Royal First | CBC Royal First\",\"isPartOf\":{\"@id\":\"https:\/\/www.royal1.it\/#website\"},\"datePublished\":\"2015-11-19T11:35:52+00:00\",\"dateModified\":\"2015-12-18T08:12:53+00:00\",\"breadcrumb\":{\"@id\":\"https:\/\/www.royal1.it\/es\/empresa\/#breadcrumb\"},\"inLanguage\":\"es\",\"potentialAction\":[{\"@type\":\"ReadAction\",\"target\":[\"https:\/\/www.royal1.it\/es\/empresa\/\"]}]},{\"@type\":\"BreadcrumbList\",\"@id\":\"https:\/\/www.royal1.it\/es\/empresa\/#breadcrumb\",\"itemListElement\":[{\"@type\":\"ListItem\",\"position\":1,\"name\":\"Home\",\"item\":\"https:\/\/www.royal1.it\/es\/\"},{\"@type\":\"ListItem\",\"position\":2,\"name\":\"A prop\u00f3sito de CBC Royal First\"}]},{\"@type\":\"WebSite\",\"@id\":\"https:\/\/www.royal1.it\/#website\",\"url\":\"https:\/\/www.royal1.it\/\",\"name\":\"CBC Royal First\",\"description\":\"Macchine per caff\u00e8 espresso\",\"potentialAction\":[{\"@type\":\"SearchAction\",\"target\":{\"@type\":\"EntryPoint\",\"urlTemplate\":\"https:\/\/www.royal1.it\/?s={search_term_string}\"},\"query-input\":\"required name=search_term_string\"}],\"inLanguage\":\"es\"}]}<\/script>\n<!-- \/ Yoast SEO plugin. -->","yoast_head_json":{"title":"A prop\u00f3sito de CBC Royal First | CBC Royal First","robots":{"index":"index","follow":"follow","max-snippet":"max-snippet:-1","max-image-preview":"max-image-preview:large","max-video-preview":"max-video-preview:-1"},"canonical":"https:\/\/www.royal1.it\/es\/empresa\/","og_locale":"es_ES","og_type":"article","og_title":"A prop\u00f3sito de CBC Royal First | CBC Royal First","og_description":"El sector de las m\u00e1quinas de caf\u00e9 expr\u00e9s ciertamente no es nuevo para la empresa\u00a0CBC ROYAL FIRST\u00a0de Conegliano . Actualmente, [&hellip;]","og_url":"https:\/\/www.royal1.it\/es\/empresa\/","og_site_name":"CBC Royal First","article_modified_time":"2015-12-18T08:12:53+00:00","og_image":[{"url":"https:\/\/www.royal1.it\/royal2015\/wp-content\/uploads\/2015\/11\/photo1-291x195.jpg"}],"twitter_card":"summary_large_image","twitter_misc":{"Tiempo de lectura":"1 minuto"},"schema":{"@context":"https:\/\/schema.org","@graph":[{"@type":"WebPage","@id":"https:\/\/www.royal1.it\/es\/empresa\/","url":"https:\/\/www.royal1.it\/es\/empresa\/","name":"A prop\u00f3sito de CBC Royal First | CBC Royal First","isPartOf":{"@id":"https:\/\/www.royal1.it\/#website"},"datePublished":"2015-11-19T11:35:52+00:00","dateModified":"2015-12-18T08:12:53+00:00","breadcrumb":{"@id":"https:\/\/www.royal1.it\/es\/empresa\/#breadcrumb"},"inLanguage":"es","potentialAction":[{"@type":"ReadAction","target":["https:\/\/www.royal1.it\/es\/empresa\/"]}]},{"@type":"BreadcrumbList","@id":"https:\/\/www.royal1.it\/es\/empresa\/#breadcrumb","itemListElement":[{"@type":"ListItem","position":1,"name":"Home","item":"https:\/\/www.royal1.it\/es\/"},{"@type":"ListItem","position":2,"name":"A prop\u00f3sito de CBC Royal First"}]},{"@type":"WebSite","@id":"https:\/\/www.royal1.it\/#website","url":"https:\/\/www.royal1.it\/","name":"CBC Royal First","description":"Macchine per caff\u00e8 espresso","potentialAction":[{"@type":"SearchAction","target":{"@type":"EntryPoint","urlTemplate":"https:\/\/www.royal1.it\/?s={search_term_string}"},"query-input":"required name=search_term_string"}],"inLanguage":"es"}]}},"_links":{"self":[{"href":"https:\/\/www.royal1.it\/es\/wp-json\/wp\/v2\/pages\/449"}],"collection":[{"href":"https:\/\/www.royal1.it\/es\/wp-json\/wp\/v2\/pages"}],"about":[{"href":"https:\/\/www.royal1.it\/es\/wp-json\/wp\/v2\/types\/page"}],"author":[{"embeddable":true,"href":"https:\/\/www.royal1.it\/es\/wp-json\/wp\/v2\/users\/1"}],"replies":[{"embeddable":true,"href":"https:\/\/www.royal1.it\/es\/wp-json\/wp\/v2\/comments?post=449"}],"version-history":[{"count":0,"href":"https:\/\/www.royal1.it\/es\/wp-json\/wp\/v2\/pages\/449\/revisions"}],"wp:attachment":[{"href":"https:\/\/www.royal1.it\/es\/wp-json\/wp\/v2\/media?parent=449"}],"curies":[{"name":"wp","href":"https:\/\/api.w.org\/{rel}","templated":true}]}}